{"id":60,"date":"2014-02-05T17:43:44","date_gmt":"2014-02-05T17:43:44","guid":{"rendered":"http:\/\/novo.sinproce.org.br\/?page_id=60"},"modified":"2018-10-22T10:50:02","modified_gmt":"2018-10-22T13:50:02","slug":"homologacao","status":"publish","type":"page","link":"https:\/\/www.sinproce.org.br\/?page_id=60","title":{"rendered":"Homologa\u00e7\u00e3o"},"content":{"rendered":"<p style=\"color: #333;\">A extin\u00e7\u00e3o ou rescis\u00e3o do contrato de trabalho, como regra, gera determinados efeitos financeiros.<\/p>\n<p style=\"text-align: justify; color: #333;\">Tais efeitos correspondem a direitos que as normas jur\u00eddicas garantem ao trabalhador e, no caso de morte deste, aos seus dependentes. Quando o contrato extinto tiver sido firmado h\u00e1 mais de um ano, o ato de pagamento e recebimento das verbas rescis\u00f3rias exige uma formalidade especial denominada assist\u00eancia, que confere validade jur\u00eddica aos pagamentos. A assist\u00eancia na extin\u00e7\u00e3o do contrato de trabalho foi prevista inicialmente no art. 500 da CLT, com o objetivo de preservar e garantir a autenticidade do pedido de demiss\u00e3o do trabalhador que gozava de estabilidade no emprego. A partir de 1962, todavia, iniciou-se um ciclo de produ\u00e7\u00e3o legislativa que culminou na extens\u00e3o da obrigatoriedade da assist\u00eancia para todos os contratos de trabalho extintos ap\u00f3s um ano de vig\u00eancia, na fixa\u00e7\u00e3o de prazos para pagamento das verbas rescis\u00f3rias, de penalidades pelo seu descumprimento, bem como na expressa proibi\u00e7\u00e3o de cobran\u00e7a para a presta\u00e7\u00e3o da assist\u00eancia. objetivo da assist\u00eancia \u00e9, assim, garantir o cumprimento da lei e o efetivo pagamento das verbas rescis\u00f3rias, bem como orientar e esclarecer as partes sobre os direitos e deveres decorrentes do fim da rela\u00e7\u00e3o empregat\u00edcia. Legisla\u00e7\u00e3o Pertinente: art. 477 da CLT e Instru\u00e7\u00e3o Normativa SRT N\u00ba 15, de 14 de julho de 2010. Compet\u00eancia do MTE: art. 477, \u00a7 1\u00ba, da CLT.<\/p>\n<div class=\"msgbox msgbox-info\" >\n<h2 style=\"text-align: center;\">Homologa\u00e7\u00e3o<\/h2>\n<p style=\"text-align: justify;\">A homologa\u00e7\u00e3o ser\u00e1 efetuada com a presen\u00e7a do empregado cujo contrato foi rescindido e do representante do Estabelecimento de Ensino. Empregados menores de 18 anos ser\u00e3o acompanhados por pai ou m\u00e3e ou representante legal. Excepcionalmente empregados maiores poder\u00e3o ser representados por procuradores legalmente constitu\u00eddos.<\/p>\n<h2 style=\"text-align: center;\">Pagamentos<\/h2>\n<p style=\"text-align: justify;\">O pagamento dever\u00e1 ser feito integralmente em dinheiro ou cheque administrativo, no momento da homologa\u00e7\u00e3o e perante o agente homologador. Para menores que n\u00e3o mantenham conta em bancos, e para analfabetos, o pagamento s\u00f3 poder\u00e1 ser feito em dinheiro. Caso n\u00e3o seja poss\u00edvel a homologa\u00e7\u00e3o no prazo legal, o Estabelecimento de Ensino deve depositar em dinheiro, na conta corrente do empregado, o valor das verbas rescis\u00f3rias. Caso ele n\u00e3o mantenha conta em Banco, deve efetuar Ordem de pagamento ou Ordem de Cr\u00e9dito \u00e0 Disposi\u00e7\u00e3o em seu nome, em ag\u00eancia banc\u00e1ria mais pr\u00f3xima de sua resid\u00eancia comunicando o empregado desse fato. Em ambos os casos, procurar\u00e3o viabilizar a homologa\u00e7\u00e3o no menor prazo poss\u00edvel. Al\u00e9m disso, o empregado dever\u00e1 ser comunicado do dep\u00f3sito, dele podendo fazer uso.<\/p>\n<p style=\"font-size: 20px; color: #d02429; text-align: center;\"><strong>OBS: N\u00c3O SER\u00c3O ACEITOS COMO PROVA DE PAGAMENTO DAS VERBAS RESCIS\u00d3RIAS, RECIBOS PASSADOS PELO EMPREGADO, NEM C\u00d3PIAS DE CHEQUES.<\/strong><\/p>\n<h2 style=\"text-align: center;\">Prazos<\/h2>\n<p style=\"text-align: justify;\">A formaliza\u00e7\u00e3o da rescis\u00e3o n\u00e3o poder\u00e1 exceder:<\/p>\n<ul>\n<li>1. O primeiro dia \u00fatil imediato ao t\u00e9rmino do contrato, quando o aviso for trabalho;ou<\/li>\n<li>2. O d\u00e9cimo dia, subsequente \u00e0 data da comunica\u00e7\u00e3o da demiss\u00e3o, no caso de aus\u00eancia de aviso pr\u00e9vio, indeniza\u00e7\u00e3o deste ou dispensa do seu cumprimento.<\/li>\n<\/ul>\n<p style=\"text-align: center;\"><strong>OBS: A inobserv\u00e2ncia dos prazos acima citados sujeitar\u00e1 o empregador ao pagamento de multa prevista no art. 477 \u00a7 8\u00ba da CLT<\/strong><\/p>\n<\/div>\n<style type=\"text\/css\"><!--\n.tg  {border-collapse:collapse;border-spacing:0;border-color:#ccc;} .tg td{font-family:Arial, sans-serif;font-size:14px;padding:10px 5px;border-style:solid;border-width:1px;overflow:hidden;word-break:normal;border-color:#ccc;color:#333;background-color:#fff;} .tg th{font-family:Arial, sans-serif;font-size:14px;font-weight:normal;padding:10px 5px;border-style:solid;border-width:1px;overflow:hidden;word-break:normal;border-color:#ccc;color:#333;background-color:#f0f0f0;} .tg .tg-hgcj{font-weight:bold;text-align:center} td > img{padding-left: calc(50% - 10px);}\n\n--><\/style>\n<table class=\"tg\">\n<tbody>\n<tr>\n<th class=\"tg-hgcj\">DOCUMENTA\u00c7\u00c3O OBRIGAT\u00d3RIOS NO ATO DE ASSIST\u00caNCIA A RESCIS\u00c3O CONTRATUAL<\/th>\n<th class=\"tg-hgcj\">Demiss\u00e3o sem justa causa<\/th>\n<th class=\"tg-hgcj\">Pedido de demiss\u00e3o<\/th>\n<\/tr>\n<tr>\n<td class=\"tg-031e\">1\u2013 Termo de Rescis\u00e3o de Contrato de Trabalho, em 3 (tr\u00eas) vias;<\/td>\n<td class=\"tg-031e\"><img decoding=\"async\" src=\"\/wp-content\/themes\/sinpro2014\/images\/sim.png\" alt=\"sim\" \/><\/td>\n<td class=\"tg-031e\"><img decoding=\"async\" src=\"\/wp-content\/themes\/sinpro2014\/images\/sim.png\" alt=\"sim\" \/><\/td>\n<\/tr>\n<tr>\n<td class=\"tg-031e\">2 \u2013 Termo de Homologa\u00e7\u00e3o de Rescis\u00e3o de Contrato de Trabalho, em 5 (cinco) vias;<\/td>\n<td class=\"tg-031e\"><img decoding=\"async\" src=\"\/wp-content\/themes\/sinpro2014\/images\/sim.png\" alt=\"sim\" \/><\/td>\n<td class=\"tg-031e\"><img decoding=\"async\" src=\"\/wp-content\/themes\/sinpro2014\/images\/sim.png\" alt=\"sim\" \/><\/td>\n<\/tr>\n<tr>\n<td class=\"tg-031e\">3 \u2013 Guia de Recolhimento da Contribui\u00e7\u00e3o Sindical Urbana (GRCSU);<\/td>\n<td class=\"tg-031e\"><img decoding=\"async\" src=\"\/wp-content\/themes\/sinpro2014\/images\/sim.png\" alt=\"sim\" \/><\/td>\n<td class=\"tg-031e\"><img decoding=\"async\" src=\"\/wp-content\/themes\/sinpro2014\/images\/sim.png\" alt=\"sim\" \/><\/td>\n<\/tr>\n<tr>\n<td class=\"tg-031e\">4 \u2013 Carta de preposto, em papel timbrado da empresa, assinada pelo representante legal;<\/td>\n<td class=\"tg-031e\"><img decoding=\"async\" src=\"\/wp-content\/themes\/sinpro2014\/images\/sim.png\" alt=\"sim\" \/><\/td>\n<td class=\"tg-031e\"><img decoding=\"async\" src=\"\/wp-content\/themes\/sinpro2014\/images\/sim.png\" alt=\"sim\" \/><\/td>\n<\/tr>\n<tr>\n<td class=\"tg-031e\">5 \u2013 Carteira de Trabalho e Previd\u00eancia Social \u2013 CTPS, com as anota\u00e7\u00f5es atualizadas (Incluir a carga hor\u00e1ria semanal do professor em \u2018anota\u00e7\u00f5es gerais\u2019);<\/td>\n<td class=\"tg-031e\"><img decoding=\"async\" src=\"\/wp-content\/themes\/sinpro2014\/images\/sim.png\" alt=\"sim\" \/><\/td>\n<td class=\"tg-031e\"><img decoding=\"async\" src=\"\/wp-content\/themes\/sinpro2014\/images\/sim.png\" alt=\"sim\" \/><\/td>\n<\/tr>\n<tr>\n<td class=\"tg-031e\">6 \u2013 Livro ou Ficha de Registro de Empregados, devidamente atualizados;<\/td>\n<td class=\"tg-031e\"><img decoding=\"async\" src=\"\/wp-content\/themes\/sinpro2014\/images\/sim.png\" alt=\"sim\" \/><\/td>\n<td class=\"tg-031e\"><img decoding=\"async\" src=\"\/wp-content\/themes\/sinpro2014\/images\/sim.png\" alt=\"sim\" \/><\/td>\n<\/tr>\n<tr>\n<td class=\"tg-031e\">7 \u2013 C\u00e1lculos das m\u00e9dias dos valores vari\u00e1veis utilizados para pagamento dos direitos rescis\u00f3rios;<\/td>\n<td class=\"tg-031e\"><img decoding=\"async\" src=\"\/wp-content\/themes\/sinpro2014\/images\/sim.png\" alt=\"sim\" \/><\/td>\n<td class=\"tg-031e\"><img decoding=\"async\" src=\"\/wp-content\/themes\/sinpro2014\/images\/sim.png\" alt=\"sim\" \/><\/td>\n<\/tr>\n<tr>\n<td class=\"tg-031e\">8 \u2013 Notifica\u00e7\u00e3o da demiss\u00e3o, em 2 (duas) vias(comprovante de aviso pr\u00e9vio ou do pedido de demiss\u00e3o);<\/td>\n<td class=\"tg-031e\"><img decoding=\"async\" src=\"\/wp-content\/themes\/sinpro2014\/images\/sim.png\" alt=\"sim\" \/><\/td>\n<td class=\"tg-031e\"><img decoding=\"async\" src=\"\/wp-content\/themes\/sinpro2014\/images\/sim.png\" alt=\"sim\" \/><\/td>\n<\/tr>\n<tr>\n<td class=\"tg-031e\">9 \u2013 Extrato do FGTS de Conta Vinculada para Fins Rescis\u00f3rios, atualizado. Caso existam compet\u00eancias em aberto, dever\u00e3o ser apresentadas as Guias de recolhimento dos meses que n\u00e3o constem no extrato, juntamente do GFIP;<\/td>\n<td class=\"tg-031e\"><img decoding=\"async\" src=\"\/wp-content\/themes\/sinpro2014\/images\/sim.png\" alt=\"sim\" \/><\/td>\n<td class=\"tg-031e\"><img decoding=\"async\" src=\"\/wp-content\/themes\/sinpro2014\/images\/sim.png\" alt=\"sim\" \/><\/td>\n<\/tr>\n<tr>\n<td class=\"tg-031e\">10 \u2013 Comprovante do recolhimento dos 50% (cinquenta por cento) sobre o FGTS E GRRF \u2013 Demonstrativo do trabalhador;<\/td>\n<td class=\"tg-031e\"><img decoding=\"async\" src=\"\/wp-content\/themes\/sinpro2014\/images\/sim.png\" alt=\"sim\" \/><\/td>\n<td class=\"tg-031e\"><img decoding=\"async\" src=\"\/wp-content\/themes\/sinpro2014\/images\/nao.png\" alt=\"n\u00e3o\" \/><\/td>\n<\/tr>\n<tr>\n<td class=\"tg-031e\">11 \u2013 Chave de Conectividade para libera\u00e7\u00e3o do FGTS, dentro do prazo de validade;<\/td>\n<td class=\"tg-031e\"><img decoding=\"async\" src=\"\/wp-content\/themes\/sinpro2014\/images\/sim.png\" alt=\"sim\" \/><\/td>\n<td class=\"tg-031e\"><img decoding=\"async\" src=\"\/wp-content\/themes\/sinpro2014\/images\/sim.png\" alt=\"sim\" \/><\/td>\n<\/tr>\n<tr>\n<td class=\"tg-031e\">12 \u2013 Requerimento do Seguro Desemprego Web;<\/td>\n<td class=\"tg-031e\"><img decoding=\"async\" src=\"\/wp-content\/themes\/sinpro2014\/images\/sim.png\" alt=\"sim\" \/><\/td>\n<td class=\"tg-031e\"><img decoding=\"async\" src=\"\/wp-content\/themes\/sinpro2014\/images\/nao.png\" alt=\"n\u00e3o\" \/><\/td>\n<\/tr>\n<tr>\n<td class=\"tg-031e\">13 \u2013 Atestado de Sa\u00fade Ocupacional Demissional (ASO);<\/td>\n<td class=\"tg-031e\"><img decoding=\"async\" src=\"\/wp-content\/themes\/sinpro2014\/images\/sim.png\" alt=\"sim\" \/><\/td>\n<td class=\"tg-031e\"><img decoding=\"async\" src=\"\/wp-content\/themes\/sinpro2014\/images\/sim.png\" alt=\"sim\" \/><\/td>\n<\/tr>\n<tr>\n<td class=\"tg-031e\">14\u2013 Carta de Recomenda\u00e7\u00e3o;<\/td>\n<td class=\"tg-031e\"><img decoding=\"async\" src=\"\/wp-content\/themes\/sinpro2014\/images\/sim.png\" alt=\"sim\" \/><\/td>\n<td class=\"tg-031e\"><img decoding=\"async\" src=\"\/wp-content\/themes\/sinpro2014\/images\/sim.png\" alt=\"sim\" \/><\/td>\n<\/tr>\n<tr>\n<td class=\"tg-031e\">15 \u2013 PPP \u2013 Instru\u00e7\u00e3o Normativa 118<\/td>\n<td class=\"tg-031e\"><img decoding=\"async\" src=\"\/wp-content\/themes\/sinpro2014\/images\/sim.png\" alt=\"sim\" \/><\/td>\n<td class=\"tg-031e\"><img decoding=\"async\" src=\"\/wp-content\/themes\/sinpro2014\/images\/sim.png\" alt=\"sim\" \/><\/td>\n<\/tr>\n<tr>\n<td class=\"tg-031e\">16 \u2013 Oficio do desconto de pens\u00e3o aliment\u00edcia (se houver)<\/td>\n<td class=\"tg-031e\"><img decoding=\"async\" src=\"\/wp-content\/themes\/sinpro2014\/images\/sim.png\" alt=\"sim\" \/><\/td>\n<td class=\"tg-031e\"><img decoding=\"async\" src=\"\/wp-content\/themes\/sinpro2014\/images\/sim.png\" alt=\"sim\" \/><\/td>\n<\/tr>\n<tr>\n<td class=\"tg-031e\">17 \u2013 Carimbos da empresa (quando necess\u00e1rio)<\/td>\n<td class=\"tg-031e\"><img decoding=\"async\" src=\"\/wp-content\/themes\/sinpro2014\/images\/sim.png\" alt=\"sim\" \/><\/td>\n<td class=\"tg-031e\"><img decoding=\"async\" src=\"\/wp-content\/themes\/sinpro2014\/images\/sim.png\" alt=\"sim\" \/><\/td>\n<\/tr>\n<tr>\n<td class=\"tg-031e\">18 \u2013 Prova banc\u00e1ria de quita\u00e7\u00e3o em 3 (tr\u00eas) vias. O pagamento das verbas rescis\u00f3rias poder\u00e1 ser efetuado atrav\u00e9s de transfer\u00eancia eletr\u00f4nica ou dep\u00f3sito banc\u00e1rio em conta corrente\/poupan\u00e7a do empregado e ordem banc\u00e1ria de pagamento mediante a apresenta\u00e7\u00e3o do comprovante;<\/td>\n<td class=\"tg-031e\"><img decoding=\"async\" src=\"\/wp-content\/themes\/sinpro2014\/images\/sim.png\" alt=\"sim\" \/><\/td>\n<td class=\"tg-031e\"><img decoding=\"async\" src=\"\/wp-content\/themes\/sinpro2014\/images\/sim.png\" alt=\"sim\" \/><\/td>\n<\/tr>\n<tr>\n<td class=\"tg-031e\">19 \u2013 Cheque administrativo ou visado e dinheiro, preferencialmente quando o ato de assist\u00eancia a homologa\u00e7\u00e3o se der dentro do prazo legal para pagamento ou quando o funcion\u00e1rio for analfabeto;<\/td>\n<td class=\"tg-031e\"><img decoding=\"async\" src=\"\/wp-content\/themes\/sinpro2014\/images\/sim.png\" alt=\"sim\" \/><\/td>\n<td class=\"tg-031e\"><img decoding=\"async\" src=\"\/wp-content\/themes\/sinpro2014\/images\/sim.png\" alt=\"sim\" \/><\/td>\n<\/tr>\n<\/tbody>\n<\/table>\n<h2 style=\"text-align: center;\">Outros Documentos<\/h2>\n<p style=\"text-align: center;\">Em caso de demiss\u00e3o por Justa Causa: <strong>Motiva\u00e7\u00e3o da Demiss\u00e3o<\/strong><\/p>\n<p style=\"text-align: center;\">Em caso de demiss\u00e3o de Jovem Aprendiz: <strong>Contrato de Trabalho<\/strong><\/p>\n<p style=\"text-align: center;\">Em caso de demiss\u00e3o por Falecimento: <strong>Certid\u00e3o de \u00d3bito<\/strong><\/p>\n<p style=\"text-align: center;\">Falecimento de Empregado:\u00a0<strong>Carta de concess\u00e3o do INSS indicando o benefici\u00e1rio (se\u00a0houver) ou Alvar\u00e1 Judicial (art. 1o da Lei no. 6.858 de 24.11.1980)<\/strong><\/p>\n<p style=\"text-align: center;\"><strong>NO CASO DE MENORES DE 18 ANOS, \u00c9 NECESS\u00c1RIO O ACOMPANHAMENTO DE\u00a0PAIS OU RESPONS\u00c1VEIS LEGAIS.<\/strong><\/p>\n<h3 style=\"text-align: center;\"><strong><i>A falta de apresenta\u00e7\u00e3o de qualquer documento acima relacionado poder\u00e1 impedir a efetiva\u00e7\u00e3o da homologa\u00e7\u00e3o.<\/i><\/strong><\/h3>\n","protected":false},"excerpt":{"rendered":"<p>A extin\u00e7\u00e3o ou rescis\u00e3o do contrato de trabalho, como regra, gera determinados efeitos financeiros. Tais efeitos correspondem a direitos que as normas jur\u00eddicas garantem ao trabalhador e, no caso de morte deste, aos seus dependentes. Quando o contrato extinto tiver sido firmado h\u00e1 mais de um ano, o ato de pagamento e recebimento das verbas&#8230;<\/p>\n","protected":false},"author":1,"featured_media":0,"parent":0,"menu_order":0,"comment_status":"closed","ping_status":"closed","template":"","meta":[],"_links":{"self":[{"href":"https:\/\/www.sinproce.org.br\/index.php?rest_route=\/wp\/v2\/pages\/60"}],"collection":[{"href":"https:\/\/www.sinproce.org.br\/index.php?rest_route=\/wp\/v2\/pages"}],"about":[{"href":"https:\/\/www.sinproce.org.br\/index.php?rest_route=\/wp\/v2\/types\/page"}],"author":[{"embeddable":true,"href":"https:\/\/www.sinproce.org.br\/index.php?rest_route=\/wp\/v2\/users\/1"}],"replies":[{"embeddable":true,"href":"https:\/\/www.sinproce.org.br\/index.php?rest_route=%2Fwp%2Fv2%2Fcomments&post=60"}],"version-history":[{"count":18,"href":"https:\/\/www.sinproce.org.br\/index.php?rest_route=\/wp\/v2\/pages\/60\/revisions"}],"predecessor-version":[{"id":582,"href":"https:\/\/www.sinproce.org.br\/index.php?rest_route=\/wp\/v2\/pages\/60\/revisions\/582"}],"wp:attachment":[{"href":"https:\/\/www.sinproce.org.br\/index.php?rest_route=%2Fwp%2Fv2%2Fmedia&parent=60"}],"curies":[{"name":"wp","href":"https:\/\/api.w.org\/{rel}","templated":true}]}}